{"id":12,"date":"2024-10-20T01:29:58","date_gmt":"2024-10-20T01:29:58","guid":{"rendered":"https:\/\/bmswork.com\/?page_id=12"},"modified":"2024-10-20T04:46:36","modified_gmt":"2024-10-20T04:46:36","slug":"nosotros","status":"publish","type":"page","link":"https:\/\/bmswork.com\/en\/nosotros\/","title":{"rendered":"About us"},"content":{"rendered":"<p>[et_pb_section fb_built=&#8221;1&#8243; admin_label=&#8221;Header&#8221; _builder_version=&#8221;4.27.2&#8243; _module_preset=&#8221;default&#8221; background_image=&#8221;https:\/\/bmswork.com\/wp-content\/uploads\/2024\/10\/3.jpg&#8221; custom_margin=&#8221;120px||||false|false&#8221; custom_padding=&#8221;||||false|false&#8221; collapsed=&#8221;on&#8221; global_colors_info=&#8221;{}&#8221;][et_pb_row _builder_version=&#8221;4.20.0&#8243; _module_preset=&#8221;default&#8221; global_colors_info=&#8221;{}&#8221;][et_pb_column type=&#8221;4_4&#8243; _builder_version=&#8221;4.20.0&#8243; _module_preset=&#8221;default&#8221; global_colors_info=&#8221;{}&#8221;][et_pb_text _builder_version=&#8221;4.27.2&#8243; _module_preset=&#8221;f1396706-96be-414e-9ab0-9747715b2b17&#8243; header_text_color=&#8221;#FFFFFF&#8221; global_colors_info=&#8221;{}&#8221;]<\/p>\n<h1>Who we are?<\/h1>\n<p>[\/et_pb_text][\/et_pb_column][\/et_pb_row][\/et_pb_section][et_pb_section fb_built=&#8221;1&#8243; _builder_version=&#8221;4.27.2&#8243; _module_preset=&#8221;default&#8221; background_color=&#8221;#046fb7&#8243; global_colors_info=&#8221;{}&#8221;][et_pb_row _builder_version=&#8221;4.27.2&#8243; _module_preset=&#8221;default&#8221; global_colors_info=&#8221;{}&#8221;][et_pb_column type=&#8221;4_4&#8243; _builder_version=&#8221;4.27.2&#8243; _module_preset=&#8221;default&#8221; global_colors_info=&#8221;{}&#8221;][et_pb_text _builder_version=&#8221;4.27.2&#8243; _module_preset=&#8221;68ba1311-8a82-44d1-a087-3260119b23bb&#8221; header_4_font=&#8221;Work Sans||||||||&#8221; header_4_text_color=&#8221;#FFFFFF&#8221; header_4_font_size=&#8221;22px&#8221; header_4_line_height=&#8221;1.2em&#8221; text_orientation=&#8221;center&#8221; global_colors_info=&#8221;{}&#8221;]<\/p>\n<h4>At B&amp;M Solutions LLC, we are a leading provider of technical and maintenance personnel for the manufacturing industry. Our mission is to deliver tailored, comprehensive solutions that meet the unique needs of our clients.<\/h4>\n<h4>With years of industry experience, our team of experts has developed a deep understanding of the needs and challenges faced by manufacturing companies. Our goal is to help our clients increase productivity, reduce costs, and enhance product quality.<\/h4>\n<p>[\/et_pb_text][\/et_pb_column][\/et_pb_row][\/et_pb_section][et_pb_section fb_built=&#8221;1&#8243; admin_label=&#8221;Approach&#8221; _builder_version=&#8221;4.20.0&#8243; _module_preset=&#8221;default&#8221; collapsed=&#8221;on&#8221; global_colors_info=&#8221;{}&#8221;][et_pb_row column_structure=&#8221;1_2,1_2&#8243; _builder_version=&#8221;4.20.0&#8243; _module_preset=&#8221;default&#8221; global_colors_info=&#8221;{}&#8221;][et_pb_column type=&#8221;1_2&#8243; _builder_version=&#8221;4.20.0&#8243; _module_preset=&#8221;default&#8221; global_colors_info=&#8221;{}&#8221;][et_pb_image src=&#8221;https:\/\/bmswork.com\/wp-content\/uploads\/2024\/10\/co-working-14.png&#8221; title_text=&#8221;co-working-36&#8243; _builder_version=&#8221;4.27.2&#8243; _module_preset=&#8221;default&#8221; background_image=&#8221;https:\/\/bmswork.com\/wp-content\/uploads\/2024\/10\/6.jpg&#8221; global_colors_info=&#8221;{}&#8221;][\/et_pb_image][et_pb_text _builder_version=&#8221;4.27.2&#8243; _module_preset=&#8221;908f7cef-fe19-4a8d-8d84-bc5855cb27ac&#8221; global_colors_info=&#8221;{}&#8221;]<\/p>\n<p><span>At B&amp;M Solutions LLC, our mission is to meet the technical and maintenance staffing needs of our clients, while striving to be the industry leader, distinguished by our innovation, quality, and customer commitment, and becoming the strategic partner of choice for manufacturing companies seeking to enhance their efficiency, productivity, and profitability.<\/span><\/p>\n<p>[\/et_pb_text][\/et_pb_column][et_pb_column type=&#8221;1_2&#8243; _builder_version=&#8221;4.20.0&#8243; _module_preset=&#8221;default&#8221; global_colors_info=&#8221;{}&#8221;][et_pb_text _builder_version=&#8221;4.27.2&#8243; _module_preset=&#8221;80ffbbb8-bfd9-4f0f-9ac5-93cb917126cf&#8221; global_colors_info=&#8221;{}&#8221;]<\/p>\n<h2>Our Approach<\/h2>\n<p>[\/et_pb_text][et_pb_text _builder_version=&#8221;4.27.2&#8243; _module_preset=&#8221;908f7cef-fe19-4a8d-8d84-bc5855cb27ac&#8221; global_colors_info=&#8221;{}&#8221;]<\/p>\n<p><span>Selection and training of highly skilled technical and maintenance personnel tailored to meet each client's specific needs. Our team of experts works closely with our clients to understand their requirements and develop customized solutions.<\/span><\/p>\n<p>[\/et_pb_text][et_pb_image src=&#8221;https:\/\/bmswork.com\/wp-content\/uploads\/2024\/10\/co-working-15.png&#8221; title_text=&#8221;7&#8243; _builder_version=&#8221;4.27.2&#8243; _module_preset=&#8221;default&#8221; background_image=&#8221;https:\/\/bmswork.com\/wp-content\/uploads\/2024\/10\/7.jpg&#8221; global_colors_info=&#8221;{}&#8221;][\/et_pb_image][\/et_pb_column][\/et_pb_row][et_pb_row _builder_version=&#8221;4.20.0&#8243; _module_preset=&#8221;default&#8221; global_colors_info=&#8221;{}&#8221;][et_pb_column type=&#8221;4_4&#8243; _builder_version=&#8221;4.20.0&#8243; _module_preset=&#8221;default&#8221; global_colors_info=&#8221;{}&#8221;][et_pb_text _builder_version=&#8221;4.27.2&#8243; _module_preset=&#8221;80ffbbb8-bfd9-4f0f-9ac5-93cb917126cf&#8221; global_colors_info=&#8221;{}&#8221;]<\/p>\n<h2>We commit to<\/h2>\n<p>[\/et_pb_text][\/et_pb_column][\/et_pb_row][et_pb_row column_structure=&#8221;1_2,1_2&#8243; _builder_version=&#8221;4.27.2&#8243; _module_preset=&#8221;default&#8221; custom_margin=&#8221;-20px||||false|false&#8221; global_colors_info=&#8221;{}&#8221;][et_pb_column type=&#8221;1_2&#8243; _builder_version=&#8221;4.20.0&#8243; _module_preset=&#8221;default&#8221; global_colors_info=&#8221;{}&#8221;][et_pb_image src=&#8221;https:\/\/bmswork.com\/wp-content\/uploads\/2024\/10\/2-1.jpg&#8221; title_text=&#8221;co-working-30&#8243; _builder_version=&#8221;4.27.2&#8243; _module_preset=&#8221;default&#8221; border_radii=&#8221;on|40px|40px|40px|40px&#8221; global_colors_info=&#8221;{}&#8221;][\/et_pb_image][\/et_pb_column][et_pb_column type=&#8221;1_2&#8243; _builder_version=&#8221;4.20.0&#8243; _module_preset=&#8221;default&#8221; global_colors_info=&#8221;{}&#8221;][et_pb_blurb title=&#8221;Compromiso con la calidad&#8221; image_icon_background_color=&#8221;#FFFFFF&#8221; image=&#8221;https:\/\/bmswork.com\/wp-content\/uploads\/2024\/10\/coworking-space-icon-6.png&#8221; _builder_version=&#8221;4.27.2&#8243; _module_preset=&#8221;55c6b6c7-c249-4de7-9c3f-b3dc6a248948&#8243; border_width_all_image=&#8221;3px&#8221; border_color_all_image=&#8221;#000000&#8243; locked=&#8221;off&#8221; global_colors_info=&#8221;{}&#8221;]<\/p>\n<div class=\"html-div xdj266r x11i5rnm xat24cr x1mh8g0r xexx8yu x4uap5 x18d9i69 xkhd6sd\" tabindex=\"-1\">\n<div class=\"x1e56ztr\"><span class=\"x193iq5w xeuugli x1fj9vlw x13faqbe x1vvkbs xt0psk2 xt4736n x1havqas x1f0sm9e x12qp5cl xzsf02u x1yc453h\">Providing high-quality technical and maintenance personnel\"<\/span><\/div>\n<\/div>\n<p>[\/et_pb_blurb][et_pb_blurb title=&#8221;Enfoque en el cliente&#8221; image_icon_background_color=&#8221;#FFFFFF&#8221; image=&#8221;https:\/\/bmswork.com\/wp-content\/uploads\/2024\/10\/coworking-space-icon-12.png&#8221; _builder_version=&#8221;4.27.2&#8243; _module_preset=&#8221;55c6b6c7-c249-4de7-9c3f-b3dc6a248948&#8243; border_width_all_image=&#8221;3px&#8221; border_color_all_image=&#8221;#000000&#8243; locked=&#8221;off&#8221; global_colors_info=&#8221;{}&#8221;]<\/p>\n<div class=\"html-div xdj266r x11i5rnm xat24cr x1mh8g0r xexx8yu x4uap5 x18d9i69 xkhd6sd\" tabindex=\"-1\">\n<div class=\"x1e56ztr\"><span class=\"x193iq5w xeuugli x1fj9vlw x13faqbe x1vvkbs xt0psk2 xt4736n x1havqas x1f0sm9e x12qp5cl xzsf02u x1yc453h\">Enhancing operational efficiency and productivity for our clients<\/span><\/div>\n<\/div>\n<p>[\/et_pb_blurb][et_pb_blurb title=&#8221;Respeto y profesionalismo&#8221; image_icon_background_color=&#8221;#FFFFFF&#8221; image=&#8221;https:\/\/bmswork.com\/wp-content\/uploads\/2024\/10\/coworking-space-icon-5.png&#8221; _builder_version=&#8221;4.27.2&#8243; _module_preset=&#8221;55c6b6c7-c249-4de7-9c3f-b3dc6a248948&#8243; border_width_all_image=&#8221;3px&#8221; border_color_all_image=&#8221;#000000&#8243; locked=&#8221;off&#8221; global_colors_info=&#8221;{}&#8221;]<\/p>\n<div class=\"html-div xdj266r x11i5rnm xat24cr x1mh8g0r xexx8yu x4uap5 x18d9i69 xkhd6sd\" tabindex=\"-1\">\n<div class=\"x1e56ztr\"><span class=\"x193iq5w xeuugli x1fj9vlw x13faqbe x1vvkbs xt0psk2 xt4736n x1havqas x1f0sm9e x12qp5cl xzsf02u x1yc453h\">Act with integrity, transparency and responsibility in all our actions<\/span><\/div>\n<\/div>\n<p>[\/et_pb_blurb][et_pb_blurb title=&#8221;Trabajo en equipo&#8221; image_icon_background_color=&#8221;#FFFFFF&#8221; image=&#8221;https:\/\/bmswork.com\/wp-content\/uploads\/2024\/10\/coworking-space-icon-11.png&#8221; _builder_version=&#8221;4.27.2&#8243; _module_preset=&#8221;55c6b6c7-c249-4de7-9c3f-b3dc6a248948&#8243; border_width_all_image=&#8221;3px&#8221; border_color_all_image=&#8221;#000000&#8243; locked=&#8221;off&#8221; global_colors_info=&#8221;{}&#8221;]<\/p>\n<div class=\"html-div xdj266r x11i5rnm xat24cr x1mh8g0r xexx8yu x4uap5 x18d9i69 xkhd6sd\" tabindex=\"-1\">\n<div class=\"x1e56ztr\"><span class=\"x193iq5w xeuugli x1fj9vlw x13faqbe x1vvkbs xt0psk2 xt4736n x1havqas x1f0sm9e x12qp5cl xzsf02u x1yc453h\">Providing tailored solutions to meet the unique needs of our clients<\/span><\/div>\n<\/div>\n<p>[\/et_pb_blurb][\/et_pb_column][\/et_pb_row][\/et_pb_section]<\/p>","protected":false},"excerpt":{"rendered":"<p>\u00bfQui\u00e9nes somos?En B&amp;M Solutions LLC, somos una empresa l\u00edder en suministro de personal t\u00e9cnico y de mantenimiento especializado para la industria manufacturera. Nuestra misi\u00f3n es proporcionar soluciones integrales y personalizadas para satisfacer las necesidades espec\u00edficas de nuestros clientes. Con a\u00f1os de experiencia en la industria, nuestro equipo de expertos ha desarrollado una profunda comprensi\u00f3n de [&hellip;]<\/p>","protected":false},"author":1,"featured_media":0,"parent":0,"menu_order":0,"comment_status":"closed","ping_status":"closed","template":"","meta":{"_et_pb_use_builder":"on","_et_pb_old_content":"<!-- wp:divi\/placeholder \/-->","_et_gb_content_width":"","_joinchat":[],"footnotes":""},"class_list":["post-12","page","type-page","status-publish","hentry"],"_links":{"self":[{"href":"https:\/\/bmswork.com\/en\/wp-json\/wp\/v2\/pages\/12"}],"collection":[{"href":"https:\/\/bmswork.com\/en\/wp-json\/wp\/v2\/pages"}],"about":[{"href":"https:\/\/bmswork.com\/en\/wp-json\/wp\/v2\/types\/page"}],"author":[{"embeddable":true,"href":"https:\/\/bmswork.com\/en\/wp-json\/wp\/v2\/users\/1"}],"replies":[{"embeddable":true,"href":"https:\/\/bmswork.com\/en\/wp-json\/wp\/v2\/comments?post=12"}],"version-history":[{"count":4,"href":"https:\/\/bmswork.com\/en\/wp-json\/wp\/v2\/pages\/12\/revisions"}],"predecessor-version":[{"id":117,"href":"https:\/\/bmswork.com\/en\/wp-json\/wp\/v2\/pages\/12\/revisions\/117"}],"wp:attachment":[{"href":"https:\/\/bmswork.com\/en\/wp-json\/wp\/v2\/media?parent=12"}],"curies":[{"name":"wp","href":"https:\/\/api.w.org\/{rel}","templated":true}]}}